{"id":303,"date":"2020-04-03T10:07:55","date_gmt":"2020-04-03T07:07:55","guid":{"rendered":"http:\/\/cloud26.hostingpalvelu.fi\/~saalisil\/yhteislupa\/information\/fishing-permits\/"},"modified":"2024-04-28T17:18:23","modified_gmt":"2024-04-28T14:18:23","slug":"fisketillstand","status":"publish","type":"page","link":"https:\/\/tornealvslaxkort.se\/yhteislupa\/fisketillstand\/","title":{"rendered":"FISKETILLST\u00c5ND"},"content":{"rendered":"<h5><strong>DET GEMENSAMMA TILLST\u00c5NDET F\u00d6R FISKE MED DRAG OCH SP\u00d6 I TORNE &#8211; MUONIO \u2013 K\u00d6NK\u00c4M\u00c4 \u00c4LV PRISER 2024\u00a0<\/strong><\/h5>\n<h5><\/h5>\n<h5><strong>DYGNSTILLST\u00c5ND\u00a0<\/strong><\/h5>\n<p><strong>20 \u20ac<\/strong>\u00a0| Vuxen<br \/>\n<strong>10 \u20ac<\/strong>| 15\u00a0&#8211; under\u00a018 \u00e5r<\/p>\n<h5><strong>VECKOTILLST\u00c5ND\u00a0<\/strong><\/h5>\n<p><strong>90 \u20ac <\/strong>\u00a0| Vuxen<br \/>\n<strong>45 \u20ac<\/strong>\u00a0| 15\u00a0&#8211; under\u00a018 \u00e5r<\/p>\n<h5><strong>S\u00c4SONGSTILLST\u00c5ND\u00a0<\/strong><\/h5>\n<p><strong>200 \u20ac<\/strong>\u00a0| Vuxen<br \/>\n<strong>100 \u20ac<\/strong>\u00a0| 15\u00a0&#8211; under\u00a018 \u00e5r<\/p>\n<h5><strong>OMR\u00c5DESTILLST\u00c5ND<\/strong><\/h5>\n<p><strong>90 \u20ac<\/strong>\u00a0| Vuxen<br \/>\n<strong>45 \u20ac<\/strong>\u00a0| 15\u00a0&#8211; under\u00a018 \u00e5r<\/p>\n<p>Barn 15\u00a0\u00e5r eller yngre beh\u00f6ver inte det gemensamma tillst\u00e5ndet.<\/p>\n<h5><\/h5>\n<h5><strong>TILLST\u00c5NDETS GILTIGHET:\u00a0<\/strong><\/h5>\n<p>S\u00e4songstillst\u00e5ndet \u00e4r giltigt 1.1.-31.12.<\/p>\n<p>Tillst\u00e5ndet kan ej b\u00f6rja g\u00e4lla retroaktivt.<\/p>\n<p>Tillst\u00e5ndsf\u00f6rs\u00e4ljaren f\u00e5r inte kr\u00e4va n\u00e5got arvode f\u00f6r tillst\u00e5ndets f\u00e4rdigst\u00e4llande.<\/p>\n","protected":false},"excerpt":{"rendered":"<p>DET GEMENSAMMA TILLST\u00c5NDET F\u00d6R FISKE MED DRAG OCH SP\u00d6 I TORNE &#8211; MUONIO \u2013 K\u00d6NK\u00c4M\u00c4 \u00c4LV PRISER 2024\u00a0 DYGNSTILLST\u00c5ND\u00a0 20 \u20ac\u00a0| Vuxen 10 \u20ac| 15\u00a0&#8211; under\u00a018 \u00e5r VECKOTILLST\u00c5ND\u00a0 90 \u20ac \u00a0| Vuxen 45 \u20ac\u00a0| 15\u00a0&#8211; under\u00a018 \u00e5r S\u00c4SONGSTILLST\u00c5ND\u00a0 200 \u20ac\u00a0| Vuxen 100 \u20ac\u00a0| 15\u00a0&#8211; under\u00a018 \u00e5r OMR\u00c5DESTILLST\u00c5ND 90 \u20ac\u00a0| Vuxen 45 \u20ac\u00a0| 15\u00a0&#8211; under\u00a018 \u00e5r [&hellip;]<\/p>\n","protected":false},"author":1,"featured_media":772,"parent":0,"menu_order":0,"comment_status":"closed","ping_status":"closed","template":"","meta":[],"acf":[],"_links":{"self":[{"href":"https:\/\/tornealvslaxkort.se\/yhteislupa\/wp-json\/wp\/v2\/pages\/303"}],"collection":[{"href":"https:\/\/tornealvslaxkort.se\/yhteislupa\/wp-json\/wp\/v2\/pages"}],"about":[{"href":"https:\/\/tornealvslaxkort.se\/yhteislupa\/wp-json\/wp\/v2\/types\/page"}],"author":[{"embeddable":true,"href":"https:\/\/tornealvslaxkort.se\/yhteislupa\/wp-json\/wp\/v2\/users\/1"}],"replies":[{"embeddable":true,"href":"https:\/\/tornealvslaxkort.se\/yhteislupa\/wp-json\/wp\/v2\/comments?post=303"}],"version-history":[{"count":10,"href":"https:\/\/tornealvslaxkort.se\/yhteislupa\/wp-json\/wp\/v2\/pages\/303\/revisions"}],"predecessor-version":[{"id":10549,"href":"https:\/\/tornealvslaxkort.se\/yhteislupa\/wp-json\/wp\/v2\/pages\/303\/revisions\/10549"}],"wp:featuredmedia":[{"embeddable":true,"href":"https:\/\/tornealvslaxkort.se\/yhteislupa\/wp-json\/wp\/v2\/media\/772"}],"wp:attachment":[{"href":"https:\/\/tornealvslaxkort.se\/yhteislupa\/wp-json\/wp\/v2\/media?parent=303"}],"curies":[{"name":"wp","href":"https:\/\/api.w.org\/{rel}","templated":true}]}}